{"id":49,"date":"2017-02-16T10:53:10","date_gmt":"2017-02-16T10:53:10","guid":{"rendered":"https:\/\/pedroferraz.com\/empresa\/?page_id=49"},"modified":"2025-11-25T13:03:40","modified_gmt":"2025-11-25T13:03:40","slug":"contactos","status":"publish","type":"page","link":"https:\/\/www.atpfilhos.com\/?page_id=49","title":{"rendered":"Contactos"},"content":{"rendered":"<p>[et_pb_section fb_built=&#8221;1&#8243; fullwidth=&#8221;on&#8221; theme_builder_area=&#8221;post_content&#8221; _builder_version=&#8221;4.27.4&#8243; _module_preset=&#8221;default&#8221;][et_pb_fullwidth_image src=&#8221;https:\/\/www.atpfilhos.com\/novo\/wp-content\/uploads\/2025\/11\/Mapa-1.jpg&#8221; _builder_version=&#8221;4.27.4&#8243; _module_preset=&#8221;default&#8221; theme_builder_area=&#8221;post_content&#8221; url_new_window=&#8221;on&#8221; url=&#8221;https:\/\/maps.app.goo.gl\/pKMiw7quoCDF2my9A&#8221; hover_enabled=&#8221;0&#8243; sticky_enabled=&#8221;0&#8243;][\/et_pb_fullwidth_image][\/et_pb_section][et_pb_section fb_built=&#8221;1&#8243; admin_label=&#8221;section&#8221; _builder_version=&#8221;4.16&#8243; transparent_background=&#8221;off&#8221; global_colors_info=&#8221;{}&#8221;][et_pb_row column_structure=&#8221;1_4,1_4,1_4,1_4&#8243; admin_label=&#8221;row&#8221; _builder_version=&#8221;4.16&#8243; background_size=&#8221;initial&#8221; background_position=&#8221;top_left&#8221; background_repeat=&#8221;repeat&#8221; global_colors_info=&#8221;{}&#8221;][et_pb_column type=&#8221;1_4&#8243; _builder_version=&#8221;4.16&#8243; custom_padding=&#8221;|||&#8221; global_colors_info=&#8221;{}&#8221; custom_padding__hover=&#8221;|||&#8221;][et_pb_text admin_label=&#8221;Text&#8221; _builder_version=&#8221;4.21.0&#8243; background_size=&#8221;initial&#8221; background_position=&#8221;top_left&#8221; background_repeat=&#8221;repeat&#8221; use_border_color=&#8221;off&#8221; border_color=&#8221;#ffffff&#8221; border_style=&#8221;solid&#8221; locked=&#8221;off&#8221; global_colors_info=&#8221;{}&#8221;]<\/p>\n<h1>Sede<\/h1>\n<p>Avenida N.\u00aa Sr.\u00aa da Guia, n.\u00ba 161 Apartado 10<br \/>\n3105-089 Guia PBL<\/p>\n<p><strong>Tel.:<\/strong> 236 952 380<br \/>\n<span style=\"font-size: 10px;\"> (Chamada para a rede fixa nacional)<\/span><br \/>\n<strong>Fax:<\/strong> 236 950 918<\/p>\n<p><strong>GPS:<\/strong> 39\u00b056&#8217;38.6&#8243;N 8\u00b047&#8217;17.6&#8243;W[\/et_pb_text][\/et_pb_column][et_pb_column type=&#8221;1_4&#8243; _builder_version=&#8221;4.16&#8243; custom_padding=&#8221;|||&#8221; global_colors_info=&#8221;{}&#8221; custom_padding__hover=&#8221;|||&#8221;][et_pb_text admin_label=&#8221;Text&#8221; _builder_version=&#8221;4.21.0&#8243; background_size=&#8221;initial&#8221; background_position=&#8221;top_left&#8221; background_repeat=&#8221;repeat&#8221; use_border_color=&#8221;off&#8221; border_color=&#8221;#ffffff&#8221; border_style=&#8221;solid&#8221; locked=&#8221;off&#8221; global_colors_info=&#8221;{}&#8221;]<\/p>\n<h1>Armaz\u00e9m<\/h1>\n<p>Parada do Alto S. Jo\u00e3o, 17 A, Cv. C<br \/>\n1900-050 Lisboa<\/p>\n<p><strong>Tel.:<\/strong>\u00a0<span>966 796 914<\/span><br \/>\n<span style=\"font-size: 10px;\"> (Chamada para a rede m\u00f3vel nacional)<\/span><\/p>\n<p><strong>GPS:<\/strong>\u00a038\u00b043&#8217;45.5&#8243;N 9\u00b007&#8217;26.9&#8243;W<span><\/span><\/p>\n<p><span><\/span>[\/et_pb_text][\/et_pb_column][et_pb_column type=&#8221;1_4&#8243; _builder_version=&#8221;4.16&#8243; custom_padding=&#8221;|||&#8221; global_colors_info=&#8221;{}&#8221; custom_padding__hover=&#8221;|||&#8221;][et_pb_text admin_label=&#8221;Text&#8221; _builder_version=&#8221;4.21.0&#8243; background_size=&#8221;initial&#8221; background_position=&#8221;top_left&#8221; background_repeat=&#8221;repeat&#8221; use_border_color=&#8221;off&#8221; border_color=&#8221;#ffffff&#8221; border_style=&#8221;solid&#8221; locked=&#8221;off&#8221; global_colors_info=&#8221;{}&#8221;]<\/p>\n<h1>Contactos<\/h1>\n<p><strong style=\"font-size: 14px;\">Carlos Tavares<\/strong><span style=\"font-size: 14px;\"><br \/>\n<\/span><strong>Tlm.:<\/strong> 964 037 618<br \/>\n<strong>E.:<\/strong> carlostavares@atpfilhos.com<\/p>\n<p><strong>Paulo Serra <\/strong><br \/>\n<strong>Tlm.:<\/strong> 927 964 741<br \/>\n<span style=\"font-size: 10px;\"> (Chamada para a rede m\u00f3vel nacional)<\/span><br \/>\n<strong>E.:<\/strong> pauloserra@atpfilhos.com[\/et_pb_text][\/et_pb_column][et_pb_column type=&#8221;1_4&#8243; _builder_version=&#8221;4.16&#8243; custom_padding=&#8221;|||&#8221; global_colors_info=&#8221;{}&#8221; custom_padding__hover=&#8221;|||&#8221;][et_pb_text admin_label=&#8221;Text&#8221; _builder_version=&#8221;4.16&#8243; background_size=&#8221;initial&#8221; background_position=&#8221;top_left&#8221; background_repeat=&#8221;repeat&#8221; use_border_color=&#8221;off&#8221; border_color=&#8221;#ffffff&#8221; border_style=&#8221;solid&#8221; locked=&#8221;off&#8221; global_colors_info=&#8221;{}&#8221;]<\/p>\n<h1>Informa\u00e7\u00f5es<\/h1>\n<p>Lei n\u00ba 144\/2015 de 8 de Setembro<br \/>Em caso de Lit\u00edgio o consumidor pode recorrer a uma Entidade de Resolu\u00e7\u00e3o alternativa de Lit\u00edgio de consumo: www.arbitragemdeconsumo.org \/ www.facebook.com\/cniacc<\/p>\n<p>&nbsp;<\/p>\n<p><span><\/span><\/p>\n<p>[\/et_pb_text][\/et_pb_column][\/et_pb_row][\/et_pb_section]<\/p>\n","protected":false},"excerpt":{"rendered":"<p>Sede Avenida N.\u00aa Sr.\u00aa da Guia, n.\u00ba 161 Apartado 10 3105-089 Guia PBL Tel.: 236 952 380 (Chamada para a rede fixa nacional) Fax: 236 950 918 GPS: 39\u00b056&#8217;38.6&#8243;N 8\u00b047&#8217;17.6&#8243;WArmaz\u00e9m Parada do Alto S. Jo\u00e3o, 17 A, Cv. C 1900-050 Lisboa Tel.:\u00a0966 796 914 (Chamada para a rede m\u00f3vel nacional) GPS:\u00a038\u00b043&#8217;45.5&#8243;N 9\u00b007&#8217;26.9&#8243;W Contactos Carlos Tavares [&hellip;]<\/p>\n","protected":false},"author":1,"featured_media":0,"parent":0,"menu_order":0,"comment_status":"closed","ping_status":"closed","template":"","meta":{"_et_pb_use_builder":"on","_et_pb_old_content":"","_et_gb_content_width":"","footnotes":""},"class_list":["post-49","page","type-page","status-publish","hentry"],"_links":{"self":[{"href":"https:\/\/www.atpfilhos.com\/index.php?rest_route=\/wp\/v2\/pages\/49","targetHints":{"allow":["GET"]}}],"collection":[{"href":"https:\/\/www.atpfilhos.com\/index.php?rest_route=\/wp\/v2\/pages"}],"about":[{"href":"https:\/\/www.atpfilhos.com\/index.php?rest_route=\/wp\/v2\/types\/page"}],"author":[{"embeddable":true,"href":"https:\/\/www.atpfilhos.com\/index.php?rest_route=\/wp\/v2\/users\/1"}],"replies":[{"embeddable":true,"href":"https:\/\/www.atpfilhos.com\/index.php?rest_route=%2Fwp%2Fv2%2Fcomments&post=49"}],"version-history":[{"count":18,"href":"https:\/\/www.atpfilhos.com\/index.php?rest_route=\/wp\/v2\/pages\/49\/revisions"}],"predecessor-version":[{"id":492,"href":"https:\/\/www.atpfilhos.com\/index.php?rest_route=\/wp\/v2\/pages\/49\/revisions\/492"}],"wp:attachment":[{"href":"https:\/\/www.atpfilhos.com\/index.php?rest_route=%2Fwp%2Fv2%2Fmedia&parent=49"}],"curies":[{"name":"wp","href":"https:\/\/api.w.org\/{rel}","templated":true}]}}